{"id":275,"date":"2024-09-24T08:38:10","date_gmt":"2024-09-24T08:38:10","guid":{"rendered":"https:\/\/win-win-consult.de\/?page_id=275"},"modified":"2025-04-09T10:58:11","modified_gmt":"2025-04-09T10:58:11","slug":"impressum","status":"publish","type":"page","link":"https:\/\/win-win-consult.de\/en\/impressum\/","title":{"rendered":"Imprint"},"content":{"rendered":"<div data-elementor-type=\"wp-page\" data-elementor-id=\"275\" class=\"elementor elementor-275\" data-elementor-post-type=\"page\">\n\t\t\t\t<div class=\"elementor-element elementor-element-295e1435 e-flex e-con-boxed e-con e-parent\" data-id=\"295e1435\" data-element_type=\"container\" data-e-type=\"container\">\n\t\t\t\t\t<div class=\"e-con-inner\">\n\t\t\t\t<div class=\"elementor-element elementor-element-2c87dd70 elementor-widget elementor-widget-text-editor\" data-id=\"2c87dd70\" data-element_type=\"widget\" data-e-type=\"widget\" data-widget_type=\"text-editor.default\">\n\t\t\t\t<div class=\"elementor-widget-container\">\n\t\t\t\t\t\t\t\t\t<p>Win-win Consult LTD<\/p><div class=\"item c7\"><p>86A Triq Leli Falzon<br \/>Naxxar, NXR 2609, Malta<\/p><table class=\"contenttable\" border=\"0\"><tbody><tr><td>Tel:<\/td><td>+49 1776960650<\/td><\/tr><tr><td>e-mail:<\/td><td>info@win-win-consult.de<\/td><\/tr><tr><td rowspan=\"1\">Web:<\/td><td rowspan=\"1\">www.win-win-consult.de<\/td><\/tr><\/tbody><\/table><p class=\"bodytext\"><b>Liability for content<\/b><\/p><p class=\"bodytext\">As a service provider, we are responsible for our own content on these pages in accordance with Section 7 (1) TMG (German Telemedia Act) and general legislation. According to \u00a7\u00a7 8 to 10 TMG, however, we as a service provider are not obliged to monitor transmitted or stored third-party information or to investigate circumstances that indicate illegal activity.<\/p><p class=\"bodytext\">Obligations to remove or block the use of information in accordance with general legislation remain unaffected by this. However, liability in this respect is only possible from the time we become aware of a specific infringement. As soon as we become aware of such infringements, we will remove this content immediately.<\/p><p class=\"bodytext\"><b>Liability for links<\/b><\/p><p class=\"bodytext\">Our website contains links to external third-party websites over whose content we have no influence. Therefore, we cannot accept any liability for this third-party content. The respective provider or operator of the pages is always responsible for the content of the linked pages. The linked pages were checked for possible legal violations at the time of linking. Illegal contents were not recognisable at the time of linking.<\/p><p class=\"bodytext\">However, permanent monitoring of the content of the linked pages is not reasonable without concrete evidence of an infringement. If we become aware of any legal infringements, we will remove such links immediately.<\/p><p class=\"bodytext\"><b>Copyright<\/b><\/p><p class=\"bodytext\">The content and works created by the site operators on these pages are subject to German copyright law. Duplication, processing, distribution and any kind of utilisation outside the limits of copyright law require the written consent of the respective author or creator. Downloads and copies of this site are only permitted for private, non-commercial use.<\/p><p class=\"bodytext\">Insofar as the content on this site was not created by the operator, the copyrights of third parties are respected. In particular, third-party content is labelled as such. Should you nevertheless become aware of a copyright infringement, please inform us accordingly. If we become aware of any infringements, we will remove such content immediately.<\/p><\/div><div class=\"item c44\"><div class=\"indent\"><p class=\"bodytext\">Disclaimer:<br \/>Despite careful checking of the content, we accept no liability for the content of external links. The operators of the linked pages are solely responsible for their content.<br \/>Despite regular checking and updating of the information on the website, the data may have changed in the meantime. No liability or guarantee can therefore be assumed for the topicality, correctness and completeness of the information. The same applies to websites referred to via hyperlinks. We reserve the right to make changes or additions to the information provided at any time.<\/p><\/div><\/div>\t\t\t\t\t\t\t\t<\/div>\n\t\t\t\t<\/div>\n\t\t\t\t\t<\/div>\n\t\t\t\t<\/div>\n\t\t\t\t<\/div>","protected":false},"excerpt":{"rendered":"<p>Win-win Consult LTD 86A Triq Leli FalzonNaxxar, NXR 2609, Malta Tel.: +49 1776960650 E-Mail: info@win-win-consult.de Web: www.win-win-consult.de Haftung f\u00fcr Inhalte Als Diensteanbieter sind wir gem\u00e4\u00df \u00a7 7 Abs.1 TMG f\u00fcr eigene Inhalte auf diesen Seiten nach den allgemeinen Gesetzen verantwortlich. Nach \u00a7\u00a7 8 bis 10 TMG sind wir als Diensteanbieter jedoch nicht verpflichtet, \u00fcbermittelte oder [&hellip;]<\/p>\n","protected":false},"author":1,"featured_media":0,"parent":0,"menu_order":0,"comment_status":"closed","ping_status":"closed","template":"","meta":{"footnotes":""},"class_list":["post-275","page","type-page","status-publish","hentry"],"yoast_head":"<!-- This site is optimized with the Yoast SEO plugin v26.9 - https:\/\/yoast.com\/product\/yoast-seo-wordpress\/ -->\n<title>Impressum - Win-win Consult KG<\/title>\n<meta name=\"robots\" content=\"index, follow, max-snippet:-1, max-image-preview:large, max-video-preview:-1\" \/>\n<link rel=\"canonical\" href=\"https:\/\/win-win-consult.de\/en\/impressum\/\" \/>\n<meta property=\"og:locale\" content=\"en_GB\" \/>\n<meta property=\"og:type\" content=\"article\" \/>\n<meta property=\"og:title\" content=\"Impressum - Win-win Consult KG\" \/>\n<meta property=\"og:description\" content=\"Win-win Consult LTD 86A Triq Leli FalzonNaxxar, NXR 2609, Malta Tel.: +49 1776960650 E-Mail: info@win-win-consult.de Web: www.win-win-consult.de Haftung f\u00fcr Inhalte Als Diensteanbieter sind wir gem\u00e4\u00df \u00a7 7 Abs.1 TMG f\u00fcr eigene Inhalte auf diesen Seiten nach den allgemeinen Gesetzen verantwortlich. Nach \u00a7\u00a7 8 bis 10 TMG sind wir als Diensteanbieter jedoch nicht verpflichtet, \u00fcbermittelte oder [&hellip;]\" \/>\n<meta property=\"og:url\" content=\"https:\/\/win-win-consult.de\/en\/impressum\/\" \/>\n<meta property=\"og:site_name\" content=\"Win-win Consult KG\" \/>\n<meta property=\"article:modified_time\" content=\"2025-04-09T10:58:11+00:00\" \/>\n<meta name=\"twitter:card\" content=\"summary_large_image\" \/>\n<meta name=\"twitter:label1\" content=\"Estimated reading time\" \/>\n\t<meta name=\"twitter:data1\" content=\"3 minutes\" \/>\n<script type=\"application\/ld+json\" class=\"yoast-schema-graph\">{\"@context\":\"https:\/\/schema.org\",\"@graph\":[{\"@type\":\"WebPage\",\"@id\":\"https:\/\/win-win-consult.de\/impressum\/\",\"url\":\"https:\/\/win-win-consult.de\/impressum\/\",\"name\":\"Impressum - Win-win Consult KG\",\"isPartOf\":{\"@id\":\"https:\/\/win-win-consult.de\/#website\"},\"datePublished\":\"2024-09-24T08:38:10+00:00\",\"dateModified\":\"2025-04-09T10:58:11+00:00\",\"breadcrumb\":{\"@id\":\"https:\/\/win-win-consult.de\/impressum\/#breadcrumb\"},\"inLanguage\":\"en-GB\",\"potentialAction\":[{\"@type\":\"ReadAction\",\"target\":[\"https:\/\/win-win-consult.de\/impressum\/\"]}]},{\"@type\":\"BreadcrumbList\",\"@id\":\"https:\/\/win-win-consult.de\/impressum\/#breadcrumb\",\"itemListElement\":[{\"@type\":\"ListItem\",\"position\":1,\"name\":\"Startseite\",\"item\":\"https:\/\/win-win-consult.de\/\"},{\"@type\":\"ListItem\",\"position\":2,\"name\":\"Impressum\"}]},{\"@type\":\"WebSite\",\"@id\":\"https:\/\/win-win-consult.de\/#website\",\"url\":\"https:\/\/win-win-consult.de\/\",\"name\":\"Win-win Consult KG\",\"description\":\"\",\"publisher\":{\"@id\":\"https:\/\/win-win-consult.de\/#organization\"},\"potentialAction\":[{\"@type\":\"SearchAction\",\"target\":{\"@type\":\"EntryPoint\",\"urlTemplate\":\"https:\/\/win-win-consult.de\/?s={search_term_string}\"},\"query-input\":{\"@type\":\"PropertyValueSpecification\",\"valueRequired\":true,\"valueName\":\"search_term_string\"}}],\"inLanguage\":\"en-GB\"},{\"@type\":\"Organization\",\"@id\":\"https:\/\/win-win-consult.de\/#organization\",\"name\":\"Win-win Consult KG\",\"url\":\"https:\/\/win-win-consult.de\/\",\"logo\":{\"@type\":\"ImageObject\",\"inLanguage\":\"en-GB\",\"@id\":\"https:\/\/win-win-consult.de\/#\/schema\/logo\/image\/\",\"url\":\"https:\/\/win-win-consult.de\/wp-content\/uploads\/2024\/09\/cropped-logo_final.png\",\"contentUrl\":\"https:\/\/win-win-consult.de\/wp-content\/uploads\/2024\/09\/cropped-logo_final.png\",\"width\":512,\"height\":512,\"caption\":\"Win-win Consult KG\"},\"image\":{\"@id\":\"https:\/\/win-win-consult.de\/#\/schema\/logo\/image\/\"}}]}<\/script>\n<!-- \/ Yoast SEO plugin. -->","yoast_head_json":{"title":"Imprint - Win-win Consult KG","robots":{"index":"index","follow":"follow","max-snippet":"max-snippet:-1","max-image-preview":"max-image-preview:large","max-video-preview":"max-video-preview:-1"},"canonical":"https:\/\/win-win-consult.de\/en\/impressum\/","og_locale":"en_GB","og_type":"article","og_title":"Impressum - Win-win Consult KG","og_description":"Win-win Consult LTD 86A Triq Leli FalzonNaxxar, NXR 2609, Malta Tel.: +49 1776960650 E-Mail: info@win-win-consult.de Web: www.win-win-consult.de Haftung f\u00fcr Inhalte Als Diensteanbieter sind wir gem\u00e4\u00df \u00a7 7 Abs.1 TMG f\u00fcr eigene Inhalte auf diesen Seiten nach den allgemeinen Gesetzen verantwortlich. Nach \u00a7\u00a7 8 bis 10 TMG sind wir als Diensteanbieter jedoch nicht verpflichtet, \u00fcbermittelte oder [&hellip;]","og_url":"https:\/\/win-win-consult.de\/en\/impressum\/","og_site_name":"Win-win Consult KG","article_modified_time":"2025-04-09T10:58:11+00:00","twitter_card":"summary_large_image","twitter_misc":{"Estimated reading time":"3 minutes"},"schema":{"@context":"https:\/\/schema.org","@graph":[{"@type":"WebPage","@id":"https:\/\/win-win-consult.de\/impressum\/","url":"https:\/\/win-win-consult.de\/impressum\/","name":"Imprint - Win-win Consult KG","isPartOf":{"@id":"https:\/\/win-win-consult.de\/#website"},"datePublished":"2024-09-24T08:38:10+00:00","dateModified":"2025-04-09T10:58:11+00:00","breadcrumb":{"@id":"https:\/\/win-win-consult.de\/impressum\/#breadcrumb"},"inLanguage":"en-GB","potentialAction":[{"@type":"ReadAction","target":["https:\/\/win-win-consult.de\/impressum\/"]}]},{"@type":"BreadcrumbList","@id":"https:\/\/win-win-consult.de\/impressum\/#breadcrumb","itemListElement":[{"@type":"ListItem","position":1,"name":"Startseite","item":"https:\/\/win-win-consult.de\/"},{"@type":"ListItem","position":2,"name":"Impressum"}]},{"@type":"WebSite","@id":"https:\/\/win-win-consult.de\/#website","url":"https:\/\/win-win-consult.de\/","name":"Win-win Consult KG","description":"","publisher":{"@id":"https:\/\/win-win-consult.de\/#organization"},"potentialAction":[{"@type":"SearchAction","target":{"@type":"EntryPoint","urlTemplate":"https:\/\/win-win-consult.de\/?s={search_term_string}"},"query-input":{"@type":"PropertyValueSpecification","valueRequired":true,"valueName":"search_term_string"}}],"inLanguage":"en-GB"},{"@type":"Organization","@id":"https:\/\/win-win-consult.de\/#organization","name":"Win-win Consult KG","url":"https:\/\/win-win-consult.de\/","logo":{"@type":"ImageObject","inLanguage":"en-GB","@id":"https:\/\/win-win-consult.de\/#\/schema\/logo\/image\/","url":"https:\/\/win-win-consult.de\/wp-content\/uploads\/2024\/09\/cropped-logo_final.png","contentUrl":"https:\/\/win-win-consult.de\/wp-content\/uploads\/2024\/09\/cropped-logo_final.png","width":512,"height":512,"caption":"Win-win Consult KG"},"image":{"@id":"https:\/\/win-win-consult.de\/#\/schema\/logo\/image\/"}}]}},"_links":{"self":[{"href":"https:\/\/win-win-consult.de\/en\/wp-json\/wp\/v2\/pages\/275","targetHints":{"allow":["GET"]}}],"collection":[{"href":"https:\/\/win-win-consult.de\/en\/wp-json\/wp\/v2\/pages"}],"about":[{"href":"https:\/\/win-win-consult.de\/en\/wp-json\/wp\/v2\/types\/page"}],"author":[{"embeddable":true,"href":"https:\/\/win-win-consult.de\/en\/wp-json\/wp\/v2\/users\/1"}],"replies":[{"embeddable":true,"href":"https:\/\/win-win-consult.de\/en\/wp-json\/wp\/v2\/comments?post=275"}],"version-history":[{"count":10,"href":"https:\/\/win-win-consult.de\/en\/wp-json\/wp\/v2\/pages\/275\/revisions"}],"predecessor-version":[{"id":1211,"href":"https:\/\/win-win-consult.de\/en\/wp-json\/wp\/v2\/pages\/275\/revisions\/1211"}],"wp:attachment":[{"href":"https:\/\/win-win-consult.de\/en\/wp-json\/wp\/v2\/media?parent=275"}],"curies":[{"name":"wp","href":"https:\/\/api.w.org\/{rel}","templated":true}]}}